{"id":29,"date":"2023-07-26T22:38:03","date_gmt":"2023-07-26T20:38:03","guid":{"rendered":"http:\/\/lisinamchevadze.com\/?page_id=29"},"modified":"2026-01-29T13:58:41","modified_gmt":"2026-01-29T12:58:41","slug":"biography","status":"publish","type":"page","link":"https:\/\/lisinamchevadze.com\/de\/biography\/","title":{"rendered":"Biografie"},"content":{"rendered":"<div class=\"wp-block-uagb-container uagb-block-905ee8d1 alignfull uagb-is-root-container\"><div class=\"uagb-container-inner-blocks-wrap\">\n<p><\/p>\n\n\n\n<p><\/p>\n\n\n\n<p><\/p>\n\n\n\n<p><\/p>\n\n\n\n<p><\/p>\n\n\n\n<p><\/p>\n\n\n\n<div class=\"wp-block-uagb-advanced-heading uagb-block-a86492e6\"><h1 class=\"uagb-heading-text\">Biografie<\/h1><\/div>\n<\/div><\/div>\n\n\n\n<div class=\"wp-block-uagb-container uagb-block-d34618e4 alignfull uagb-is-root-container\"><div class=\"uagb-container-inner-blocks-wrap\">\n<p class=\"has-montserrat-font-family\">Elisabeth Namchevadze, multiple winner of national and international competitions, including the Orbetello International Piano Competition, Arte International Piano Competition, VIII Tbilisi International Piano Competition, Peter Toperczer EMCY International Piano Competition and the Steinway Piano Competition in Hamburg. She was born 2008 and received her first piano lessons from her mother (Ana Nanuashvili). From the age of 4, she began her piano training at the Music school Stuttgart with Mr. Romuald Noll and since 2023 she has been taught by Mr. Felipe Val\u00e9rio. Since the age of 14, she is a young student at the University of Music and performing Arts Stuttgart with Professor Hans-Peter Stenzl.<\/p>\n\n\n\n<p class=\"has-montserrat-font-family\">Concerts took Elisabeth from Germany to other countries, including Greece Georgia and the USA. She has performed at the Liederhalle Stuttgart, the Laeiszhalle Hamburg, the Beethovenhaus Bonn, the K\u00fcnstlerhaus M\u00fcnchen and the Concertgebouw Amsterdam. Her piano playing was often broadcast by WDR on the radio. <br>In 2022, she performed at the National Opera America Center and as a laureate of the &#8220;International Concerto Competition American Proteg\u00e9&#8221; at New York\u2019s Carnegie Hall. Already at the age of 10, Elisabeth performed with the Georgian Symphony Orchestra in Tbilisi.<\/p>\n\n\n\n<p class=\"has-montserrat-font-family\">In 2021 she won the Grand Prix of the International Music Festival Competition Stars at Teneriffe, in 2022 she won 1.Prizes at the Steinway Piano Competition in Hamburg, at the VIII Tbilisi International Young Pianists Competition, at the Bechstein Competition in Berlin and 2024 the 1st Absolute Premio Prize at the Orbetello International Piano Competition and Arte International Piano Competition. <br>Elisabeth is also a four-time first prize winner at the national competition &#8220;Jugend Musiziert&#8221;. In 2023 and 2024, in addition to the highest score, she was awarded the Hermann J. Abs Prize for the best interpretation of a work by Ludwig van Beethoven. She also received an award for the best interpretation of a work by W.A.Mozart in 2018. In 2023 she represented Germany at the 20th International Steinway Festival and in 2024 she performed as a soloist with the Jugend Sinfonieorchester Stuttgart at the Gustav Siegle Haus, where she played Grieg Piano Concerto.<\/p>\n\n\n\n<p class=\"has-montserrat-font-family\">Elisabeth&#8217;s attention and passion are particularly intense in works by Fr\u00e9d\u00e9ric Chopin, Franz Liszt, Ludwig van Beethoven and Sergei Prokofiev.<br>Elisabeth&#8217;s work and talent were also recognised and supported by various scholarships, such as the Carl-Heinz-Illies Scholarship of the Deutsche Stiftung Musikleben and the Dr. Klaus-Lang Foundation Stuttgart.<\/p>\n\n\n\n<div class=\"wp-block-file\"><a id=\"wp-block-file--media-68253590-b86a-4302-89f9-5fb64a76e5bd\" href=\"https:\/\/lisinamchevadze.com\/wp-content\/uploads\/2026\/01\/Elisabeth-Namchevadze-curriculum-vitae.pdf\" target=\"_blank\" rel=\"noreferrer noopener\">Lebenslauf - englisch<\/a><\/div>\n\n\n\n<div class=\"wp-block-file\"><a id=\"wp-block-file--media-ee11f1a5-6bd0-4a11-a8d4-edafc36d2994\" href=\"https:\/\/lisinamchevadze.com\/wp-content\/uploads\/2026\/01\/Elisabeth-Namchevadze-Lebenslauf.pdf\" target=\"_blank\" rel=\"noreferrer noopener\">Lebenslauf - deutsch<\/a><\/div>\n\n\n\n<div class=\"wp-block-uagb-advanced-heading uagb-block-46de78d4\"><h6 class=\"uagb-heading-text\">Ausbildung<\/h6><div class=\"uagb-separator\"><\/div><\/div>\n\n\n\n<ul class=\"wp-block-list has-montserrat-font-family\">\n<li>seit 2012: Unterricht an der Musikschule Stuttgart<\/li>\n\n\n\n<li>seit 2023: Jungstudium an der Staatlichen Hochschule f\u00fcr Musik und Darstellende Kunst Stuttgart bei Prof. Hans-Peter Stenzl<\/li>\n\n\n\n<li>seit 2026: Royal College of Music London \u2013 Bachelor<\/li>\n<\/ul>\n\n\n\n<div class=\"wp-block-uagb-advanced-heading uagb-block-9194f356\"><h6 class=\"uagb-heading-text\">Meisterkurse<\/h6><div class=\"uagb-separator\"><\/div><\/div>\n\n\n\n<ul class=\"wp-block-list has-montserrat-font-family\">\n<li>2022: Prof. Angelika Merkle<\/li>\n\n\n\n<li>2022, 2023, 2024: Prof. Hans-Peter Stenzl<\/li>\n\n\n\n<li>2023: Prof. Robert Levin<\/li>\n\n\n\n<li>2023: Prof. Francisca Lee<\/li>\n\n\n\n<li>2023: Prof. Sontraud Speidel<\/li>\n\n\n\n<li>2024 Prof. Manfred Aust<\/li>\n\n\n\n<li>2024 Prof. Boris Fedorov &amp; Prof. Tetiana Abaieva<\/li>\n\n\n\n<li>2024 Anna Fedorova<\/li>\n\n\n\n<li>2025 Prof. Gesa L\u00fccker<\/li>\n\n\n\n<li>2025 Prof. Norma Fischer<\/li>\n\n\n\n<li>2025 Prof. Florian Wiek<\/li>\n\n\n\n<li>2025 Prof. Irene Russo<\/li>\n<\/ul>\n\n\n\n<div class=\"wp-block-uagb-advanced-heading uagb-block-7e1373d1\"><h6 class=\"uagb-heading-text\">Preise &amp; Auszeichnungen<\/h6><div class=\"uagb-separator\"><\/div><\/div>\n\n\n\n<ul class=\"wp-block-list has-montserrat-font-family\">\n<li>2018: 1. Preis bei dem Kleinen Schumann Wettbewerb<\/li>\n\n\n\n<li>2018: Sonderpreis f\u00fcr die beste Interpretation eines Werkes von W.A.Mozart<\/li>\n\n\n\n<li>2019: 5. Preis bei dem Peter Toperczer EMCY Internationaler Klavierwettbewerb (Kosice)<\/li>\n\n\n\n<li>2019: 2. Preis beim Internationaler Rotary Klavierwettbewerb<\/li>\n\n\n\n<li>2020: 2. Preis bei der American Proteg\u00e9 International Concerto Competition in New York<\/li>\n\n\n\n<li>2021: Assoluto Preis beim Stars at Tenerife Wettbewerb<\/li>\n\n\n\n<li>2021: 1. Preis beim Carl Bechstein Wettbewerb<\/li>\n\n\n\n<li>2022: 1. Preis bei der Tbilisi International Young Pianists Competition<\/li>\n\n\n\n<li>2022: Sonderpreis der YAMAHA Music Europe GmbH<\/li>\n\n\n\n<li>2022: 1. Preis beim Steinway Klavier-Wettbewerb<\/li>\n\n\n\n<li>2021 \u2013 2024: 1. Bundespreise - Jugend Musiziert<\/li>\n\n\n\n<li>2023, 2024 Hermann-J. Abs-Preis f\u00fcr die beste Beethoven Interpretation<\/li>\n\n\n\n<li>2024: 1. Preis bei der Charleston International Piano Competition<\/li>\n\n\n\n<li>2024: 1. Absoluter Premio Preis bei der Orbetello International Piano Competition<\/li>\n\n\n\n<li>2024: 2. Preis bei der ArtePiano International Competition<\/li>\n\n\n\n<li>2024: 2. Preis beim Carl Bechstein Wettbewerb<\/li>\n\n\n\n<li>2025: Titelauszeichnung \u201eYoung Steinway Artist\u201c<\/li>\n\n\n\n<li>2025: 1. Preis bei der International Concerto Competition in brescia, Italien<\/li>\n\n\n\n<li>2025: 1. Preis bei der Montecatini International Piano Competition<\/li>\n<\/ul>\n\n\n\n<div class=\"wp-block-uagb-advanced-heading uagb-block-cef84537\"><h6 class=\"uagb-heading-text\">Konzerte<\/h6><div class=\"uagb-separator\"><\/div><\/div>\n\n\n\n<ul class=\"wp-block-list has-montserrat-font-family\">\n<li>2013, 2020: Konzerte in Xiropikado, Griechenland<\/li>\n\n\n\n<li>2019: Solo Konzert mit dem Georgischen Sinfonieorchester im K\u00fcnstlerhaus M\u00fcnchen<\/li>\n\n\n\n<li>2019, 2022: Gala Konzerte in der Laeiszhalle Hamburg<\/li>\n\n\n\n<li>2019, 2024: Klavier Solo Rezital im Eurythmeumstuttgart<\/li>\n\n\n\n<li>2020, 2023, 2024: Gala Konzerte im Wei\u00dfen Saal Stuttgart<\/li>\n\n\n\n<li>2021, 2023: Gala Konzerte im Mozartsaal der Liederhalle Stuttgart<\/li>\n\n\n\n<li>2021, 2024: Gala Konzerte im Schloss Britz Berlin<\/li>\n\n\n\n<li>2022: Konzerte in New York u.a. im Opera America Center und der Carnegie Hall<\/li>\n\n\n\n<li>2022: Konzert im Staatskonservatorium Tiflis<\/li>\n\n\n\n<li>2023, 2024: Klavier Solo Recital im Steinway and Sons Stuttgart<\/li>\n\n\n\n<li>2023: Konzert in der Laeiszhalle Hamburg im Rahmen des Internationalem Steinway Klavier Festival<\/li>\n\n\n\n<li>2023, 2024: Konzerte im Beethoven Haus Bonn<\/li>\n\n\n\n<li>2024: Solo Konzert mit dem Jugend Sinfonieorchester Stuttgart im Gustav Siegle Haus<\/li>\n\n\n\n<li>2024: Konzert im Concertgebouw Amsterdam \u201eDavidsb\u00fcndler Fest\u201c<\/li>\n\n\n\n<li>2024: Solo Konzert mit dem Tbilisi Youth Orchestra in der Liederhalle Stuttgart<\/li>\n\n\n\n<li>2024: Solo Konzert mit dem Mendelssohn Chamber Orchestra in Amsterdam<\/li>\n\n\n\n<li>2025: Solo Konzert in der Liederhalle Stuttgart mit dem SDO Stuttgart<\/li>\n\n\n\n<li>2025: Solo Konzert mit dem Tbilisi Youth Orchestra im Auditorium Tiflis<\/li>\n\n\n\n<li>2025: Konzerte in den Niederlanden \u201eDavidsb\u00fcndler Fest\u201c<\/li>\n\n\n\n<li>2025: Konzert in Castelnuovo (Arte international piano Festival)<\/li>\n\n\n\n<li>2025: Solo Konzert mit zwei Mozart Klavierkonzerten den Stuttgarter Philharmonikern im Beethovensaal der Liederhalle Stuttgart zur Saisoner\u00f6ffnung 2025\/26<\/li>\n\n\n\n<li>2026: Konzert im TONALi Saal Hamburg als Preistr\u00e4gerin des Carl-Heinz-\nIllies-Stipendium der Deutschen Stiftung Musikleben<\/li>\n<\/ul>\n\n\n\n<div class=\"wp-block-uagb-advanced-heading uagb-block-5bfacccb\"><h6 class=\"uagb-heading-text\">Stipendien<\/h6><div class=\"uagb-separator\"><\/div><\/div>\n\n\n\n<ul class=\"wp-block-list has-montserrat-font-family\">\n<li>2021, 2023: Carl-Heinz-Illies Stipendium der Deutschen Stiftung Musikleben<\/li>\n\n\n\n<li>2021: Stipendium der Lang-Stiftung<\/li>\n\n\n\n<li>2022: Stipendium der Ruth-Ilse Lenz Stiftung<\/li>\n\n\n\n<li>2022: Stipendium der Oscar und Vera Ritter-Stiftung<\/li>\n\n\n\n<li>2023, 2025: Stipendium der musica Stiftung<\/li>\n\n\n\n<li>2023, 2024, 2025: Jahres Stipendium der Drews Stiftung<\/li>\n<\/ul>\n\n\n\n<div class=\"wp-block-uagb-advanced-heading uagb-block-7941b082\"><h6 class=\"uagb-heading-text\">PRESS<\/h6><div class=\"uagb-separator\"><\/div><\/div>\n\n\n\n<p class=\"has-text-align-center\">\u201eElisabeth Namchevadze \u00fcberzeugt mit technischer Brillant und bemerkenswerter musikalischen Reife weit \u00fcber ihr junges Alter hinaus\u201c<br>\u2013 Stuttgarter Zeitung<\/p>\n\n\n\n<p class=\"has-text-align-center\">\u201eEin hochbegabtes junges Talent mit klarer Ausdruckskraft und beeindruckender B\u00fchnenpr\u00e4senz\u201c<br>&#8211; Reutlinger Zeitung<\/p>\n\n\n\n<p class=\"has-text-align-center\">\u201eFeuriges, virtuos gestaltetes Klavierspiel, das das Publikum nachhaltig begeistert\u201c<br>\u2013 Konzertkritik \/ Kulturpresse<\/p>\n\n\n\n<p class=\"has-text-align-center\">\u201eMit gro\u00dfer Sicherheit und musikalischer Energie interpretiert sie selbst anspruchsvollste Werke des Repertoires\u201c<br>\u2013 Regionale Presse<\/p>\n\n\n\n<p class=\"has-text-align-center\">\u201eEine Pianistin mit au\u00dfergew\u00f6hnlichem Potenzial und vielversprechender k\u00fcnstlerischer Zukunft\u201c<br>\u2013 Kulturjournal<\/p>\n\n\n\n<p class=\"has-text-align-center\">\u201eAls 'Musikerin der Zukunft'gew\u00fcrdigt - mit begeisterter Publikumsreaktion nach Soloteil und Zugabe\u201c<br>\u2013 Stuttgarter Philharmoniker Pressestimme<\/p>\n\n\n\n<p class=\"has-text-align-center\">\u201eProfessor: 'Erstaunlich eigenst\u00e4ndig mit hohem pianistischen und k\u00fcnstlerischen Potential'\u201c<br>\u2013 HMDK Stuttgart<\/p>\n\n\n\n<div class=\"wp-block-uagb-advanced-heading uagb-block-87b29ad6\"><h6 class=\"uagb-heading-text\">REPERTOIRE LISTE<\/h6><div class=\"uagb-separator\"><\/div><\/div>\n\n\n\n<p><strong>Klaviersolo:<\/strong><br><br>J.S.Bach: WTK I BWV 858, Fis-Dur<br>J.S.Bach: WTK I BWV 854, E-Dur<br>J.S.Bach WTK II<br>J.S.Bach: Franz\u00f6sische Suiten<br>D.Scarlatti: Sonate K380, E-Dur<br>D.Scarlatti: Sonate L366, d-moll<br>J.Haydn: Sonate Hob XVI: 49, Es-Dur<br>W.A.Mozart:<br>W.A.Mozart: Sonate K\u00f6chel Nr. 311, D-Dur<br>W.A.Mozart: Sonate KV547a, F-Dur<br>L.v.Beethoven: Sonate op.14 Nr.2, G-Dur<br>L.v.Beethoven: Sonate op.13 Nr.8, c-moll<br>L.v.Beethoven: Sonate op.2 Nr.3, C-Dur<br>L.v.Beethoven: Sonate op.31 Nr.3, Es-Dur<br>L.v.Beethoven Waldstein<br>F.Chopin: Et\u00fcde op.10 Nr.1<br>F.Chopin: Et\u00fcde op.10 Nr.2<br>F.Chopin: Et\u00fcde op.10 Nr.4<br>F.Chopin: Et\u00fcde op.10 Nr.5<br>F.Chopin: Et\u00fcde op.10 Nr.8<br>F.Chopin: Et\u00fcde op.25 Nr.1<br>F.Chopin: Et\u00fcde op.25 Nr.2<br>F.Chopin: Et\u00fcde op.25 Nr.6<br>F.Chopin: Et\u00fcde op.25 Nr.9<br>F.Chopin: Et\u00fcde op.25 Nr.10<br>F.Chopin: Et\u00fcde op.25 Nr.11<br>F.Chopin: Et\u00fcde op.25 Nr.12<br>F.Chopin: Ballade op.23, g-moll<br>F.Chopin: Ballade op.38, F-Dur<br>F.Chopin: Ballade op.47, A-Dur<br>F.Chopin: Walzer op.64 Nr.2, cis-moll<br>F.Chopin: Nocturne op.9 Nr.1, b-moll<br>F.Chopin: Fantasie-Impromptu op.66, cis-moll<br>F.Chopin: Polonaise op.71 Nr.9, B-Dur<br>F.Chopin: Polonaise op.22 \u201eAndante spianato e grande brilliante\u201c<br>R.Schumann Arabesque op.18, C-Dur<br>R.Schumann Bunde Bl\u00e4tter op.99<br>F.Liszt Rigoletto Paraphrase<br>F.Liszt: Spanische Rhapsodie<br>F.Liszt: Ungarische Rhapsodie Nr.6<br>F.Liszt: La Campanella<br>F.Liszt: Mephisto Walzer<br>M.A.Balakirew: Islamey<br>P.I.Tschaikowski: Nussknacker Suite (arr. M.Pletnev)<br>C.Debussy: Preludes I Nr.VII \u201eCe qu\u2018a vu le vent d\u2018Ouest\u201c<br>C.Debussy: Preludes II Nr.VIII \u201eOndine\u201c<br>S.Rachmaninov: Et\u00fcde op.39 Nr.6<br>S.Rachmaninov: Corelli Variationen<br>B.Bartok: Bulgarische T\u00e4nze<br>B.Bartok: Allegro Barbaro<br>C.M.v.Weber: Momento capriccioso op.22<br>S.Prokofiev: Sonate op.82 Nr.6<br>M.Davitashvili: Khorumi<br>G.Ligeti: Et\u00fcde Nr.10 \u201eDer Zauberlehrling\u201c<br><br><strong>Klavierkonzerte:<\/strong><br><br>J.Haydn: Nr.11, D-Dur<br>L.v.Beethoven: op.15, C-Dur<br>L.v.Beethoven: op.37, c-moll<br>E.Grieg: op.16, a-moll<br>F.Mendelssohn op.25, g-moll<br>W.A.Mozart: K.37, F-Dur<br>W.A.Mozart: K.175, D-Dur<br>W.A.Mozart rondo<br><br><strong>Kammermusik:<\/strong><br><br>L.v.Beethoven 7 Variationen f\u00fcr Cello und Klavier<br>L.v.Beethoven Trio op.11, B-Dur \u201eGassenhauer\u201c<br>L.v.Beethoven Sonate f\u00fcr Klavier und Violine op.30 Nr.2, c-moll<br>J.Brahms: Sonate f\u00fcr Cello und Klavier Nr.3<br>J.Brahms: Sonate f\u00fcr Klavier und Violine op.108, d-moll<br>F.Mendelssohn Klaviertrio op.49, d-moll<br>Poulenc<br>K.Szymanowski: Mythes op.30<br>A.Webern: Drei kleine St\u00fccke f\u00fcr Cello und Klavier<\/p>\n<\/div><\/div>\n\n\n\n<div class=\"wp-block-uagb-container uagb-block-3d667206 alignfull uagb-is-root-container\"><div class=\"uagb-container-inner-blocks-wrap\">\n<div class=\"wp-block-uagb-container uagb-block-bf4cd87f\">\n<div class=\"wp-block-uagb-image uagb-block-2bacb049 wp-block-uagb-image--layout-default wp-block-uagb-image--effect-static wp-block-uagb-image--align-none\"><figure class=\"wp-block-uagb-image__figure\"><img decoding=\"async\" srcset=\"https:\/\/lisinamchevadze.com\/wp-content\/uploads\/2023\/07\/20221023_Steinway_KlavierspielWettbewerb_203-edited-1024x1024.jpg ,https:\/\/lisinamchevadze.com\/wp-content\/uploads\/2023\/07\/20221023_Steinway_KlavierspielWettbewerb_203-edited-1024x1024.jpg 780w, https:\/\/lisinamchevadze.com\/wp-content\/uploads\/2023\/07\/20221023_Steinway_KlavierspielWettbewerb_203-edited-1024x1024.jpg 360w\" sizes=\"auto, (max-width: 480px) 150px\" src=\"https:\/\/lisinamchevadze.com\/wp-content\/uploads\/2023\/07\/20221023_Steinway_KlavierspielWettbewerb_203-edited-1024x1024.jpg\" alt=\"\" class=\"uag-image-976\" width=\"1024\" height=\"1024\" title=\"\" loading=\"lazy\" role=\"img\"\/><\/figure><\/div>\n<\/div>\n\n\n\n<div class=\"wp-block-uagb-container uagb-block-37824b68\">\n<div class=\"wp-block-uagb-advanced-heading uagb-block-8120a13b\"><h6 class=\"uagb-heading-text\">\"Ich bin eine aufstrebende klassische Pianistin, die dem Zauber der Klaviermusik verfallen ist. Die M\u00f6glichkeit, Emotionen durch Musik zu vermitteln, erf\u00fcllt mich mit Demut. Meine Mentoren haben meine Leidenschaft gen\u00e4hrt und meinen musikalischen Weg gepr\u00e4gt.<br><br>Von Barock bis Romantik habe ich verschiedene Stile erkundet, um mich k\u00fcnstlerisch auszudr\u00fccken. Die B\u00fchne ist f\u00fcr mich eine Gelegenheit, diese Emotionen zu teilen und Momente des Nachdenkens und der Freude zu schaffen.<br><br>Ich danke Ihnen von Herzen f\u00fcr Ihre Unterst\u00fctzung. Gemeinsam k\u00f6nnen wir durch die Musik Verbindungen schaffen und k\u00fcnstlerische Erfahrungen bereichern.\"<\/h6><\/div>\n\n\n\n<div class=\"wp-block-uagb-advanced-heading uagb-block-f85a1983\"><p class=\"uagb-heading-text\">Lisi Namchevadze<\/p><\/div>\n<\/div>\n<\/div><\/div>","protected":false},"excerpt":{"rendered":"<p>Biography Elisabeth Namchevadze, multiple winner of national and international competitions, including the Orbetello International Piano Competition, Arte International Piano Competition, VIII Tbilisi International Piano Competition, Peter Toperczer EMCY International Piano Competition and the Steinway Piano Competition in Hamburg. She was born 2008 and received her first piano lessons from her mother (Ana Nanuashvili). From the [&hellip;]<\/p>\n","protected":false},"author":1,"featured_media":0,"parent":0,"menu_order":0,"comment_status":"closed","ping_status":"closed","template":"","meta":{"_uag_custom_page_level_css":"","_swt_meta_header_display":false,"_swt_meta_footer_display":false,"_swt_meta_site_title_display":true,"_swt_meta_sticky_header":false,"_swt_meta_transparent_header":true,"footnotes":""},"class_list":["post-29","page","type-page","status-publish","hentry"],"uagb_featured_image_src":{"full":false,"thumbnail":false,"medium":false,"medium_large":false,"large":false,"1536x1536":false,"2048x2048":false,"trp-custom-language-flag":false},"uagb_author_info":{"display_name":"hans","author_link":"https:\/\/lisinamchevadze.com\/de\/author\/hans\/"},"uagb_comment_info":0,"uagb_excerpt":"Biography Elisabeth Namchevadze, multiple winner of national and international competitions, including the Orbetello International Piano Competition, Arte International Piano Competition, VIII Tbilisi International Piano Competition, Peter Toperczer EMCY International Piano Competition and the Steinway Piano Competition in Hamburg. She was born 2008 and received her first piano lessons from her mother (Ana Nanuashvili). From the&hellip;","_links":{"self":[{"href":"https:\/\/lisinamchevadze.com\/de\/wp-json\/wp\/v2\/pages\/29","targetHints":{"allow":["GET"]}}],"collection":[{"href":"https:\/\/lisinamchevadze.com\/de\/wp-json\/wp\/v2\/pages"}],"about":[{"href":"https:\/\/lisinamchevadze.com\/de\/wp-json\/wp\/v2\/types\/page"}],"author":[{"embeddable":true,"href":"https:\/\/lisinamchevadze.com\/de\/wp-json\/wp\/v2\/users\/1"}],"replies":[{"embeddable":true,"href":"https:\/\/lisinamchevadze.com\/de\/wp-json\/wp\/v2\/comments?post=29"}],"version-history":[{"count":95,"href":"https:\/\/lisinamchevadze.com\/de\/wp-json\/wp\/v2\/pages\/29\/revisions"}],"predecessor-version":[{"id":2204,"href":"https:\/\/lisinamchevadze.com\/de\/wp-json\/wp\/v2\/pages\/29\/revisions\/2204"}],"wp:attachment":[{"href":"https:\/\/lisinamchevadze.com\/de\/wp-json\/wp\/v2\/media?parent=29"}],"curies":[{"name":"wp","href":"https:\/\/api.w.org\/{rel}","templated":true}]}}