{"id":25,"date":"2023-07-25T23:57:24","date_gmt":"2023-07-25T21:57:24","guid":{"rendered":"http:\/\/lisinamchevadze.com\/?page_id=25"},"modified":"2026-01-29T13:56:11","modified_gmt":"2026-01-29T12:56:11","slug":"home","status":"publish","type":"page","link":"https:\/\/lisinamchevadze.com\/de\/","title":{"rendered":"Home"},"content":{"rendered":"<div class=\"wp-block-uagb-container uagb-block-859bd6ed alignfull uagb-is-root-container\"><div class=\"uagb-container-inner-blocks-wrap\">\n<div class=\"wp-block-uagb-advanced-heading uagb-block-fbdf28e0\"><\/div>\n\n\n\n<div class=\"wp-block-uagb-advanced-heading uagb-block-c0feabf7\"><\/div>\n<\/div><\/div>\n\n\n\n<div class=\"wp-block-uagb-container uagb-block-96bcd02a alignfull uagb-is-root-container\"><div class=\"uagb-container-inner-blocks-wrap\">\n<div class=\"wp-block-uagb-container uagb-block-c0b742a3\">\n<div class=\"wp-block-uagb-container uagb-block-d037071b\">\n<div class=\"wp-block-uagb-info-box uagb-block-8ef8a528 uagb-infobox__content-wrap  uagb-infobox-icon-above-title uagb-infobox-image-valign-top\"><div class=\"uagb-ifb-content\"><div class=\"uagb-ifb-icon-wrap\"><svg xmlns=\"https:\/\/www.w3.org\/2000\/svg\" viewbox=\"0 0 448 512\"><path d=\"M96 224C84.72 224 74.05 226.3 64 229.9V224c0-35.3 28.7-64 64-64c17.67 0 32-14.33 32-32S145.7 96 128 96C57.42 96 0 153.4 0 224v96c0 53.02 42.98 96 96 96s96-42.98 96-96S149 224 96 224zM352 224c-11.28 0-21.95 2.305-32 5.879V224c0-35.3 28.7-64 64-64c17.67 0 32-14.33 32-32s-14.33-32-32-32c-70.58 0-128 57.42-128 128v96c0 53.02 42.98 96 96 96s96-42.98 96-96S405 224 352 224z\"><\/path><\/svg><\/div><div class=\"uagb-ifb-title-wrap\"><h2 class=\"uagb-ifb-title\">Elisabeth Namchevadze ist eine bereits erstaunlich eigenst\u00e4ndige, eigenwillige und gelegentlich auch eigensinnige junge Pianistin mit hohem pianistischen und k\u00fcnstlerischen Potential, deren Formung und Entwicklung mitgestalten zu d\u00fcrfen f\u00fcr mich eine freudige Herausforderung darstellt. Ihre Ausdrucksf\u00e4higkeiten wachsen von Woche zu Woche. Ich w\u00fcnsche ihr stets die geb\u00fchrende Resonanz!<\/h2><\/div><p class=\"uagb-ifb-desc\">Professor Hans-Peter Stenzl, HMDK Stuttgart und HMT Rostock<\/p><\/div><\/div>\n<\/div>\n<\/div>\n\n\n\n<div class=\"wp-block-uagb-info-box uagb-block-5d01d763 uagb-infobox__content-wrap  uagb-infobox-icon-above-title uagb-infobox-image-valign-top\"><div class=\"uagb-ifb-content\"><div class=\"uagb-ifb-icon-wrap\"><svg xmlns=\"https:\/\/www.w3.org\/2000\/svg\" viewbox=\"0 0 448 512\"><path d=\"M96 96C42.98 96 0 138.1 0 192s42.98 96 96 96c11.28 0 21.95-2.305 32-5.879V288c0 35.3-28.7 64-64 64c-17.67 0-32 14.33-32 32s14.33 32 32 32c70.58 0 128-57.42 128-128V192C192 138.1 149 96 96 96zM448 192c0-53.02-42.98-96-96-96s-96 42.98-96 96s42.98 96 96 96c11.28 0 21.95-2.305 32-5.879V288c0 35.3-28.7 64-64 64c-17.67 0-32 14.33-32 32s14.33 32 32 32c70.58 0 128-57.42 128-128V192z\"><\/path><\/svg><\/div><div class=\"uagb-ifb-title-wrap\"><\/div><\/div><\/div>\n<\/div><\/div>\n\n\n\n<div class=\"wp-block-uagb-advanced-heading uagb-block-f8d5607b\"><h3 class=\"uagb-heading-text\">Kommende Veranstaltungen<\/h3><div class=\"uagb-separator\"><\/div><\/div>\n\n\n\n<section class=\"wp-block-uagb-columns uagb-columns__wrap uagb-columns__background-none uagb-columns__stack-mobile uagb-columns__valign- uagb-columns__gap-10 alignwide uagb-block-067156d5 uagb-columns__columns-2 uagb-columns__max_width-theme\"><div class=\"uagb-columns__overlay\"><\/div><div class=\"uagb-columns__inner-wrap uagb-columns__columns-2\">\n<div class=\"wp-block-uagb-column uagb-column__wrap uagb-column__background-undefined uagb-block-a99e289b\"><div class=\"uagb-column__overlay\"><\/div>\n<div class=\"wp-block-uagb-image alignleft uagb-block-b48341be wp-block-uagb-image--layout-default wp-block-uagb-image--effect-static wp-block-uagb-image--align-left uag-hide-tab uag-hide-mob\"><figure class=\"wp-block-uagb-image__figure\"><img decoding=\"async\" srcset=\"https:\/\/lisinamchevadze.com\/wp-content\/uploads\/2023\/07\/DSC0222-214x300.jpg ,https:\/\/lisinamchevadze.com\/wp-content\/uploads\/2023\/07\/DSC0222-731x1024.jpg 780w, https:\/\/lisinamchevadze.com\/wp-content\/uploads\/2023\/07\/DSC0222-scaled.jpg 360w\" sizes=\"auto, (max-width: 480px) 150px\" src=\"https:\/\/lisinamchevadze.com\/wp-content\/uploads\/2023\/07\/DSC0222-214x300.jpg\" alt=\"\" class=\"uag-image-929\" width=\"275\" height=\"359\" title=\"\" loading=\"lazy\" role=\"img\"\/><\/figure><\/div>\n<\/div>\n\n\n\n<div class=\"wp-block-uagb-column uagb-column__wrap uagb-column__background-undefined uagb-block-fbd874b3\"><div class=\"uagb-column__overlay\"><\/div>\n<div class=\"wp-block-uagb-separator uagb-block-8ee5ca4b\"><div class=\"uagb-separator-spacing-wrapper\"><div class=\"wp-block-uagb-separator__inner\" style=\"--my-background-image:\"><\/div><\/div><\/div>\n\n\n\n<section class=\"wp-block-uagb-columns uagb-columns__wrap uagb-columns__background-none uagb-columns__stack-tablet uagb-columns__valign-top uagb-columns__gap-0 align uagb-block-ca93e3af uagb-columns__columns-3 uagb-columns__max_width-theme\"><div class=\"uagb-columns__overlay\"><\/div><div class=\"uagb-columns__inner-wrap uagb-columns__columns-3\">\n<div class=\"wp-block-uagb-column uagb-column__wrap uagb-column__background-undefined uagb-block-ef665825\"><div class=\"uagb-column__overlay\"><\/div>\n<p class=\"has-montserrat-font-family\"><strong><strong><strong>14. M\u00e4rz 2026<\/strong><\/strong><\/strong><\/p>\n\n\n\n<p>19:30 Uhr<\/p>\n<\/div>\n\n\n\n<div class=\"wp-block-uagb-column uagb-column__wrap uagb-column__background-undefined uagb-block-26d4d61c\"><div class=\"uagb-column__overlay\"><\/div>\n<p><a href=\"https:\/\/kulturkreis-grafenau.de\/veranstaltunskalender-2024-2025\/\" data-type=\"link\" data-id=\"https:\/\/lisinamchevadze.com\/wp-content\/uploads\/2025\/03\/Auditorium_010425.jpg\" target=\"_blank\" rel=\"noreferrer noopener\">Klavierabend<\/a><\/p>\n<\/div>\n\n\n\n<div class=\"wp-block-uagb-column uagb-column__wrap uagb-column__background-undefined uagb-block-1a2fe4df\"><div class=\"uagb-column__overlay\"><\/div>\n<p>Klavierabend mit Elisabeth Namchevadze<\/p>\n\n\n\n<p>Schloss D\u00e4tzingen<\/p>\n\n\n\n<p>Schlo\u00dfstra\u00dfe 1, 71120 Grafenau<\/p>\n<\/div>\n<\/div><\/section>\n<\/div>\n<\/div><\/section>\n\n\n\n<div class=\"wp-block-group alignfull has-global-padding is-layout-constrained wp-block-group-is-layout-constrained\">\n<div class=\"wp-block-buttons alignfull is-vertical is-content-justification-center is-layout-flex wp-container-core-buttons-is-layout-04a12858 wp-block-buttons-is-layout-flex\" style=\"margin-top:var(--wp--preset--spacing--large);margin-bottom:var(--wp--preset--spacing--xx-large)\">\n<div class=\"wp-block-button is-style-fill\"><a class=\"wp-block-button__link has-neutral-background-color has-background has-text-align-center wp-element-button\" href=\"https:\/\/lisinamchevadze.com\/de\/past-events\/\" style=\"border-style:none;border-width:0px;border-radius:5px;padding-right:var(--wp--preset--spacing--large);padding-left:var(--wp--preset--spacing--large)\">Vergangene Veranstaltungen<\/a><\/div>\n<\/div>\n<\/div>\n\n\n\n<div class=\"wp-block-uagb-advanced-heading uagb-block-c3c2880a\"><h3 class=\"uagb-heading-text\">Beitr\u00e4ge<\/h3><div class=\"uagb-separator\"><\/div><\/div>\n\n\n\n<div class=\"wp-block-uagb-container uagb-block-b1cbf3ee alignfull uagb-is-root-container\"><div class=\"uagb-container-inner-blocks-wrap\">\n\t\t\t<div class=\"wp-block-uagb-post-carousel uagb-post-grid  uagb-post__image-position-top uagb-post__image-enabled uagb-block-a1ba6d49     uagb-post__arrow-outside uagb-post__items uagb-post__columns-3 is-carousel uagb-post__columns-tablet-2 uagb-post__columns-mobile-1\" data-total=\"1\" style=\"\">\n\n\t\t\t\t\t\t\t\t\t\t\t\t<article class=\"uagb-post__inner-wrap\">\t\t\t\t\t\t\t\t<h4 class=\"uagb-post__title uagb-post__text\">\n\t\t\t\t<a href=\"https:\/\/lisinamchevadze.com\/de\/meisterkurs-an-der-internationalen-sommerakademie-der-universitaet-mozarteum-salzburg\/\" target=\"_blank\" rel=\"bookmark noopener noreferrer\">Meisterkurs 2023 an der internationalen Sommerakademie der Universit\u00e4t Mozarteum Salzburg<\/a>\n\t\t\t<\/h4>\n\t\t\t\t\t\t<div class='uagb-post__text uagb-post-grid-byline'>\n\t\t\t\t\t\t\t\t<time datetime=\"2023-08-01T23:37:53+02:00\" class=\"uagb-post__date\">\n\t\t\t\t<span class=\"dashicons-calendar dashicons\"><\/span>\t\t\t\t\t1. August 2023\t\t\t\t<\/time>\n\t\t\t\t\t\t<\/div>\n\t\t\t\t\t\t\t<div class='uagb-post__text uagb-post__excerpt'>\n\t\t\t\t\t<p>As part of the International Summer Academy, the Mozarteum University will welcome musicians from all&#8230;\t\t\t\t<\/div>\n\t\t\t\t\t\t<div class=\"uagb-post__text uagb-post__cta wp-block-button\">\n\t\t\t\t<a class=\"wp-block-button__link uagb-text-link\" style=\"\" href=\"https:\/\/lisinamchevadze.com\/de\/meisterkurs-an-der-internationalen-sommerakademie-der-universitaet-mozarteum-salzburg\/\" target=\"_blank\" rel=\"bookmark noopener noreferrer\">Weiterlesen<\/a>\n\t\t\t<\/div>\n\t\t\t\n\t\t\t\t\t\t\t\t\t<\/article>\n\t\t\t\t\t\t\t\t\t\t\t<\/div>\n\t\t\t<\/div><\/div>","protected":false},"excerpt":{"rendered":"<p>Upcoming Events 14. mar. 2026 7:30 PM Piano recital Piano recital with Elisabeth Namchevadze D\u00e4tzingen Castle Schlo\u00dfstra\u00dfe 1, 71120 Grafenau Posts<\/p>","protected":false},"author":1,"featured_media":0,"parent":0,"menu_order":0,"comment_status":"closed","ping_status":"closed","template":"","meta":{"_uag_custom_page_level_css":"","_swt_meta_header_display":false,"_swt_meta_footer_display":false,"_swt_meta_site_title_display":true,"_swt_meta_sticky_header":false,"_swt_meta_transparent_header":true,"footnotes":""},"class_list":["post-25","page","type-page","status-publish","hentry"],"uagb_featured_image_src":{"full":false,"thumbnail":false,"medium":false,"medium_large":false,"large":false,"1536x1536":false,"2048x2048":false,"trp-custom-language-flag":false},"uagb_author_info":{"display_name":"hans","author_link":"https:\/\/lisinamchevadze.com\/de\/author\/hans\/"},"uagb_comment_info":0,"uagb_excerpt":"Upcoming Events 14. mar. 2026 7:30 PM Piano recital Piano recital with Elisabeth Namchevadze D\u00e4tzingen Castle Schlo\u00dfstra\u00dfe 1, 71120 Grafenau Posts","_links":{"self":[{"href":"https:\/\/lisinamchevadze.com\/de\/wp-json\/wp\/v2\/pages\/25","targetHints":{"allow":["GET"]}}],"collection":[{"href":"https:\/\/lisinamchevadze.com\/de\/wp-json\/wp\/v2\/pages"}],"about":[{"href":"https:\/\/lisinamchevadze.com\/de\/wp-json\/wp\/v2\/types\/page"}],"author":[{"embeddable":true,"href":"https:\/\/lisinamchevadze.com\/de\/wp-json\/wp\/v2\/users\/1"}],"replies":[{"embeddable":true,"href":"https:\/\/lisinamchevadze.com\/de\/wp-json\/wp\/v2\/comments?post=25"}],"version-history":[{"count":295,"href":"https:\/\/lisinamchevadze.com\/de\/wp-json\/wp\/v2\/pages\/25\/revisions"}],"predecessor-version":[{"id":2202,"href":"https:\/\/lisinamchevadze.com\/de\/wp-json\/wp\/v2\/pages\/25\/revisions\/2202"}],"wp:attachment":[{"href":"https:\/\/lisinamchevadze.com\/de\/wp-json\/wp\/v2\/media?parent=25"}],"curies":[{"name":"wp","href":"https:\/\/api.w.org\/{rel}","templated":true}]}}