{"id":1650,"date":"2024-01-16T23:39:13","date_gmt":"2024-01-16T22:39:13","guid":{"rendered":"https:\/\/lisinamchevadze.com\/?page_id=1650"},"modified":"2026-01-29T13:57:03","modified_gmt":"2026-01-29T12:57:03","slug":"upcoming-events","status":"publish","type":"page","link":"https:\/\/lisinamchevadze.com\/de\/upcoming-events\/","title":{"rendered":"Kommende Veranstaltungen"},"content":{"rendered":"<div class=\"wp-block-uagb-container uagb-block-859bd6ed alignfull uagb-is-root-container\"><div class=\"uagb-container-inner-blocks-wrap\">\n<div class=\"wp-block-uagb-advanced-heading uagb-block-fbdf28e0\"><\/div>\n\n\n\n<div class=\"wp-block-uagb-advanced-heading uagb-block-c0feabf7\"><\/div>\n<\/div><\/div>\n\n\n\n<div class=\"wp-block-uagb-advanced-heading uagb-block-f8d5607b\"><h3 class=\"uagb-heading-text\">Kommende Veranstaltungen<\/h3><div class=\"uagb-separator\"><\/div><\/div>\n\n\n\n<section class=\"wp-block-uagb-columns uagb-columns__wrap uagb-columns__background-none uagb-columns__stack-mobile uagb-columns__valign- uagb-columns__gap-10 alignwide uagb-block-067156d5 uagb-columns__columns-2 uagb-columns__max_width-theme\"><div class=\"uagb-columns__overlay\"><\/div><div class=\"uagb-columns__inner-wrap uagb-columns__columns-2\">\n<div class=\"wp-block-uagb-column uagb-column__wrap uagb-column__background-undefined uagb-block-a99e289b\"><div class=\"uagb-column__overlay\"><\/div>\n<div class=\"wp-block-uagb-image alignleft uagb-block-b48341be wp-block-uagb-image--layout-default wp-block-uagb-image--effect-static wp-block-uagb-image--align-left uag-hide-tab uag-hide-mob\"><figure class=\"wp-block-uagb-image__figure\"><img decoding=\"async\" srcset=\"https:\/\/lisinamchevadze.com\/wp-content\/uploads\/2024\/04\/IMG_7651-682x1024.jpg ,https:\/\/lisinamchevadze.com\/wp-content\/uploads\/2024\/04\/IMG_7651-scaled.jpg 780w, https:\/\/lisinamchevadze.com\/wp-content\/uploads\/2024\/04\/IMG_7651-scaled.jpg 360w\" sizes=\"auto, (max-width: 480px) 150px\" src=\"https:\/\/lisinamchevadze.com\/wp-content\/uploads\/2024\/04\/IMG_7651-682x1024.jpg\" alt=\"\" class=\"uag-image-1839\" width=\"731\" height=\"1024\" title=\"\" loading=\"lazy\" role=\"img\"\/><\/figure><\/div>\n<\/div>\n\n\n\n<div class=\"wp-block-uagb-column uagb-column__wrap uagb-column__background-undefined uagb-block-fbd874b3\"><div class=\"uagb-column__overlay\"><\/div>\n<section class=\"wp-block-uagb-columns uagb-columns__wrap uagb-columns__background-none uagb-columns__stack-tablet uagb-columns__valign-top uagb-columns__gap-0 align uagb-block-ca93e3af uagb-columns__columns-3 uagb-columns__max_width-theme\"><div class=\"uagb-columns__overlay\"><\/div><div class=\"uagb-columns__inner-wrap uagb-columns__columns-3\">\n<div class=\"wp-block-uagb-column uagb-column__wrap uagb-column__background-undefined uagb-block-ef665825\"><div class=\"uagb-column__overlay\"><\/div>\n<p class=\"has-montserrat-font-family\"><strong><strong><strong>14. M\u00e4rz 2026<\/strong><\/strong><\/strong><\/p>\n\n\n\n<p>19:30 Uhr<\/p>\n<\/div>\n\n\n\n<div class=\"wp-block-uagb-column uagb-column__wrap uagb-column__background-undefined uagb-block-26d4d61c\"><div class=\"uagb-column__overlay\"><\/div>\n<p><a href=\"https:\/\/kulturkreis-grafenau.de\/veranstaltunskalender-2024-2025\/\" data-type=\"link\" data-id=\"https:\/\/lisinamchevadze.com\/wp-content\/uploads\/2025\/03\/Auditorium_010425.jpg\" target=\"_blank\" rel=\"noreferrer noopener\">Klavierabend<\/a><\/p>\n<\/div>\n\n\n\n<div class=\"wp-block-uagb-column uagb-column__wrap uagb-column__background-undefined uagb-block-1a2fe4df\"><div class=\"uagb-column__overlay\"><\/div>\n<p>Klavierabend mit Elisabeth Namchevadze<\/p>\n\n\n\n<p>Schloss D\u00e4tzingen<\/p>\n\n\n\n<p>Schlo\u00dfstra\u00dfe 1, 71120 Grafenau<\/p>\n<\/div>\n<\/div><\/section>\n<\/div>\n<\/div><\/section>\n\n\n\n<div class=\"wp-block-uagb-container uagb-block-b1cbf3ee alignfull uagb-is-root-container\"><div class=\"uagb-container-inner-blocks-wrap\">\n<div class=\"wp-block-buttons is-content-justification-center is-layout-flex wp-container-core-buttons-is-layout-0ed54a96 wp-block-buttons-is-layout-flex\" style=\"margin-top:var(--wp--preset--spacing--large);margin-bottom:var(--wp--preset--spacing--xx-large)\">\n<div class=\"wp-block-button\"><a class=\"wp-block-button__link has-neutral-background-color has-background wp-element-button\" href=\"https:\/\/lisinamchevadze.com\/de\/past-events\/\" style=\"border-radius:5px;padding-right:var(--wp--preset--spacing--large);padding-left:var(--wp--preset--spacing--large)\">Vergangene Veranstaltungen<\/a><\/div>\n<\/div>\n<\/div><\/div>","protected":false},"excerpt":{"rendered":"<p>Upcoming Events 14. mar. 2026 7:30 PM Piano recital Piano recital with Elisabeth Namchevadze D\u00e4tzingen Castle Schlo\u00dfstra\u00dfe 1, 71120 Grafenau<\/p>","protected":false},"author":3,"featured_media":0,"parent":0,"menu_order":0,"comment_status":"closed","ping_status":"closed","template":"","meta":{"_uag_custom_page_level_css":"","_swt_meta_header_display":false,"_swt_meta_footer_display":false,"_swt_meta_site_title_display":true,"_swt_meta_sticky_header":false,"_swt_meta_transparent_header":true,"footnotes":""},"class_list":["post-1650","page","type-page","status-publish","hentry"],"uagb_featured_image_src":{"full":false,"thumbnail":false,"medium":false,"medium_large":false,"large":false,"1536x1536":false,"2048x2048":false,"trp-custom-language-flag":false},"uagb_author_info":{"display_name":"Beka Namchevadze","author_link":"https:\/\/lisinamchevadze.com\/de\/author\/beka\/"},"uagb_comment_info":0,"uagb_excerpt":"Upcoming Events 14. mar. 2026 7:30 PM Piano recital Piano recital with Elisabeth Namchevadze D\u00e4tzingen Castle Schlo\u00dfstra\u00dfe 1, 71120 Grafenau","_links":{"self":[{"href":"https:\/\/lisinamchevadze.com\/de\/wp-json\/wp\/v2\/pages\/1650","targetHints":{"allow":["GET"]}}],"collection":[{"href":"https:\/\/lisinamchevadze.com\/de\/wp-json\/wp\/v2\/pages"}],"about":[{"href":"https:\/\/lisinamchevadze.com\/de\/wp-json\/wp\/v2\/types\/page"}],"author":[{"embeddable":true,"href":"https:\/\/lisinamchevadze.com\/de\/wp-json\/wp\/v2\/users\/3"}],"replies":[{"embeddable":true,"href":"https:\/\/lisinamchevadze.com\/de\/wp-json\/wp\/v2\/comments?post=1650"}],"version-history":[{"count":67,"href":"https:\/\/lisinamchevadze.com\/de\/wp-json\/wp\/v2\/pages\/1650\/revisions"}],"predecessor-version":[{"id":2203,"href":"https:\/\/lisinamchevadze.com\/de\/wp-json\/wp\/v2\/pages\/1650\/revisions\/2203"}],"wp:attachment":[{"href":"https:\/\/lisinamchevadze.com\/de\/wp-json\/wp\/v2\/media?parent=1650"}],"curies":[{"name":"wp","href":"https:\/\/api.w.org\/{rel}","templated":true}]}}