{"id":1032,"date":"2023-07-26T13:04:55","date_gmt":"2023-07-26T11:04:55","guid":{"rendered":"https:\/\/lisinamchevadze.com\/?page_id=1032"},"modified":"2023-08-17T23:48:37","modified_gmt":"2023-08-17T21:48:37","slug":"impressum-imprint","status":"publish","type":"page","link":"https:\/\/lisinamchevadze.com\/de\/impressum-imprint\/","title":{"rendered":"Impressum \/ Imprint"},"content":{"rendered":"<div class=\"wp-block-uagb-container uagb-block-4de75e49 alignfull uagb-is-root-container\"><div class=\"uagb-container-inner-blocks-wrap\"><\/div><\/div>\n\n\n\n<div style=\"height:20px\" aria-hidden=\"true\" class=\"wp-block-spacer\"><\/div>\n\n\n\n<h2 class=\"wp-block-heading\">Impressum<\/h2>\n\n\n\n<p><strong>Angaben gem. \u00a7 5 TMG<\/strong><\/p>\n\n\n\n<div style=\"height:20px\" aria-hidden=\"true\" class=\"wp-block-spacer\"><\/div>\n\n\n\n<div style=\"height:20px\" aria-hidden=\"true\" class=\"wp-block-spacer\"><\/div>\n\n\n\n<h3 class=\"wp-block-heading\">Die Webseite  https:\/\/<a>lisinamchevadze<\/a>.com<\/h3>\n\n\n\n<p class=\"has-montserrat-font-family\">wird betrieben vom&nbsp;<\/p>\n\n\n\n<p class=\"has-montserrat-font-family\">Besso Namchevadze<br>Libanonstrasse 35<br>70184 Stuttgart<br>E-Mail:&nbsp;<a>info@lisinamchevadze<\/a>.com<\/p>\n\n\n\n<p class=\"has-montserrat-font-family\"><strong>Verantwortlicher f\u00fcr journalistisch-redaktionelle Inhalte gem. \u00a7 55 II RstV:<\/strong><\/p>\n\n\n\n<p class=\"has-montserrat-font-family\">Besso Namchevadze<\/p>\n\n\n\n<div style=\"height:20px\" aria-hidden=\"true\" class=\"wp-block-spacer\"><\/div>\n\n\n\n<h3 class=\"wp-block-heading has-montserrat-font-family\" style=\"line-height:2\">Haftungsausschlu\u00df<\/h3>\n\n\n\n<h4 class=\"wp-block-heading has-montserrat-font-family\" style=\"line-height:2\">Haftung f\u00fcr Inhalte<\/h4>\n\n\n\n<p>Die Erstellung der Inhalte dieser Webseite erfolgte mit gr\u00f6\u00dftm\u00f6glicher Sorgfalt. Allerdings k\u00f6nnen wir keine Gew\u00e4hr f\u00fcr die Vollst\u00e4ndigkeit der bereitgestellten Inhalte, ihre Aktualit\u00e4t sowie Richtigkeit \u00fcbernehmen. Gem. \u00a7\u00a7 8 \u2013 10 TMG trifft uns als Dienstanbieter keine Pflicht, fremde Informationen, die \u00fcbermittelt oder gespeichert wurden, zu \u00fcberwachen oder nach Anhaltspunkten und Umst\u00e4nden zu forschen, die die Rechtswidrigkeit von T\u00e4tigkeiten und Informationen indizieren. Eine Verpflichtung unsererseits zur Nutzungssperrung von Inhalten im Rahmen der allgemeinen Gesetze bleibt hiervon stets unber\u00fchrt. Diese Haftung kommt jedoch erst im Moment der Kenntnisnahme einer konkreten Verletzung von Rechten in Frage. Sollten uns Rechtsverletzungen bekannt werden, so sind die entsprechenden Inhalte von uns unverz\u00fcglich zu entfernen.Unsere Haftung f\u00fcr eigene Inhalte richtet sich, als Dienstanbieter, nach den allgemeinen Gesetzen.<\/p>\n\n\n\n<div style=\"height:20px\" aria-hidden=\"true\" class=\"wp-block-spacer\"><\/div>\n\n\n\n<h4 class=\"wp-block-heading has-montserrat-font-family\" style=\"line-height:2\">Haftung f\u00fcr Links<\/h4>\n\n\n\n<p>Diese Webseite beinhaltet Verlinkungen zu Webseiten Dritter \u2013 sog. externe Links. Die Inhalte dieser externen Links entziehen sich unserer Einflussnahme, sodass eine Gew\u00e4hr f\u00fcr solche Inhalte unsererseits nicht \u00fcbernommen wird. Die Verantwortung liegt stets beim jeweiligen Betreiber der externen Seiten. Zum Zeitpunkt der Verkn\u00fcpfung der externen Links waren keine Rechtsverst\u00f6\u00dfe ersichtlich. Die permanente \u00dcberwachung fremder Inhalte auf Rechtsverst\u00f6\u00dfe ohne konkrete Hinweise ist uns nicht zumutbar. Sollten wir Kenntnis von Rechtsverletzungen erlangen, werden wir die entsprechenden externen Links unverz\u00fcglich entfernen.<\/p>\n\n\n\n<div style=\"height:20px\" aria-hidden=\"true\" class=\"wp-block-spacer\"><\/div>\n\n\n\n<h4 class=\"wp-block-heading has-montserrat-font-family\" style=\"line-height:2\">Urheberrecht\/Leistungsschutzrecht<\/h4>\n\n\n\n<p>Auf die vom Anbieter auf dieser Seite ver\u00f6ffentlichten Inhalte findet das deutsche Urheber und Leistungsschutzrecht Anwendung. Sofern die Vervielf\u00e4ltigung, Bearbeitung, Verbreitung oder jegliche andere Art der Verwertung au\u00dferhalb des deutschen Urheber- und Leistungsschutzrechts liegt, bedarf es einer schriftlichen Zustimmung des jeweiligen Erstellers. Unerlaubtes Kopieren oder Downloaden dieser Seiten ist ausschlie\u00dflich f\u00fcr den privaten Bereich, nicht jedoch f\u00fcr den kommerziellen, erlaubt. Sofern nicht wir als Betreiber auch als Ersteller der Inhalte fungieren, werden die Urheberrechte von Dritten beachtet. Wir sind stets bem\u00fcht solche Inhalte als Inhalte Dritter zu kennzeichnen. Wir bitten Sie f\u00fcr den Fall, dass Ihnen trotz sorgf\u00e4ltiger Arbeit unsererseits, eine Urheberrechtsverletzung auff\u00e4llt, uns entsprechend darauf hinzuweisen, sodass die Entfernung dieser Inhalte umgehend veranlasst werden kann.<\/p>","protected":false},"excerpt":{"rendered":"<p>Imprint Information according to \u00a7 5 TMG The Webseite https:\/\/lisinamchevadze.com is operated by the&nbsp; Besso NamchevadzeLibanonstrasse 3570184 StuttgartE-Mail:&nbsp;info@lisinamchevadze.com Responsible for journalistic-editorial content according to \u00a7 55 II RstV: Besso Namchevadze Disclaimer Liability for contents The contents of this website were created with the greatest possible care. However, we cannot guarantee the completeness of the content [&hellip;]<\/p>\n","protected":false},"author":1,"featured_media":0,"parent":0,"menu_order":0,"comment_status":"closed","ping_status":"closed","template":"","meta":{"_uag_custom_page_level_css":"","_swt_meta_header_display":false,"_swt_meta_footer_display":false,"_swt_meta_site_title_display":true,"_swt_meta_sticky_header":false,"_swt_meta_transparent_header":true,"footnotes":""},"class_list":["post-1032","page","type-page","status-publish","hentry"],"uagb_featured_image_src":{"full":false,"thumbnail":false,"medium":false,"medium_large":false,"large":false,"1536x1536":false,"2048x2048":false,"trp-custom-language-flag":false},"uagb_author_info":{"display_name":"hans","author_link":"https:\/\/lisinamchevadze.com\/de\/author\/hans\/"},"uagb_comment_info":0,"uagb_excerpt":"Imprint Information according to \u00a7 5 TMG The Webseite https:\/\/lisinamchevadze.com is operated by the&nbsp; Besso NamchevadzeLibanonstrasse 3570184 StuttgartE-Mail:&nbsp;info@lisinamchevadze.com Responsible for journalistic-editorial content according to \u00a7 55 II RstV: Besso Namchevadze Disclaimer Liability for contents The contents of this website were created with the greatest possible care. However, we cannot guarantee the completeness of the content&hellip;","_links":{"self":[{"href":"https:\/\/lisinamchevadze.com\/de\/wp-json\/wp\/v2\/pages\/1032","targetHints":{"allow":["GET"]}}],"collection":[{"href":"https:\/\/lisinamchevadze.com\/de\/wp-json\/wp\/v2\/pages"}],"about":[{"href":"https:\/\/lisinamchevadze.com\/de\/wp-json\/wp\/v2\/types\/page"}],"author":[{"embeddable":true,"href":"https:\/\/lisinamchevadze.com\/de\/wp-json\/wp\/v2\/users\/1"}],"replies":[{"embeddable":true,"href":"https:\/\/lisinamchevadze.com\/de\/wp-json\/wp\/v2\/comments?post=1032"}],"version-history":[{"count":10,"href":"https:\/\/lisinamchevadze.com\/de\/wp-json\/wp\/v2\/pages\/1032\/revisions"}],"predecessor-version":[{"id":1272,"href":"https:\/\/lisinamchevadze.com\/de\/wp-json\/wp\/v2\/pages\/1032\/revisions\/1272"}],"wp:attachment":[{"href":"https:\/\/lisinamchevadze.com\/de\/wp-json\/wp\/v2\/media?parent=1032"}],"curies":[{"name":"wp","href":"https:\/\/api.w.org\/{rel}","templated":true}]}}